{"id":1946,"date":"2021-03-11T14:32:18","date_gmt":"2021-03-11T13:32:18","guid":{"rendered":"https:\/\/japytech2.net-tic.net\/?page_id=1946"},"modified":"2024-09-03T08:55:50","modified_gmt":"2024-09-03T06:55:50","slug":"carrieres","status":"publish","type":"page","link":"https:\/\/www.japy-tech.com\/fr\/carrieres\/","title":{"rendered":"Carri\u00e8res"},"content":{"rendered":"\t\t<div data-elementor-type=\"wp-page\" data-elementor-id=\"1946\" class=\"elementor elementor-1946\" data-elementor-post-type=\"page\">\n\t\t\t\t\t\t<section class=\"elementor-section elementor-top-section elementor-element elementor-element-85f7efa elementor-section-full_width elementor-section-stretched elementor-section-height-min-height elementor-section-height-default elementor-section-items-middle\" data-id=\"85f7efa\" data-element_type=\"section\" data-e-type=\"section\" data-settings=\"{&quot;stretch_section&quot;:&quot;section-stretched&quot;}\">\n\t\t\t\t\t\t<div class=\"elementor-container elementor-column-gap-default\">\n\t\t\t\t\t<div class=\"elementor-column elementor-col-100 elementor-top-column elementor-element elementor-element-43246eec\" data-id=\"43246eec\" data-element_type=\"column\" data-e-type=\"column\">\n\t\t\t<div class=\"elementor-widget-wrap elementor-element-populated\">\n\t\t\t\t\t\t<div class=\"elementor-element elementor-element-7637e16e elementor-widget elementor-widget-image\" data-id=\"7637e16e\" data-element_type=\"widget\" data-e-type=\"widget\" data-widget_type=\"image.default\">\n\t\t\t\t<div class=\"elementor-widget-container\">\n\t\t\t\t\t\t\t\t\t\t\t\t\t\t\t<img loading=\"lazy\" decoding=\"async\" width=\"1920\" height=\"450\" src=\"https:\/\/www.japy-tech.com\/wp-content\/uploads\/2021\/03\/Recrutement.jpg\" class=\"attachment-full size-full wp-image-2562\" alt=\"\" srcset=\"https:\/\/www.japy-tech.com\/wp-content\/uploads\/2021\/03\/Recrutement.jpg 1920w, https:\/\/www.japy-tech.com\/wp-content\/uploads\/2021\/03\/Recrutement-300x70.jpg 300w, https:\/\/www.japy-tech.com\/wp-content\/uploads\/2021\/03\/Recrutement-1024x240.jpg 1024w, https:\/\/www.japy-tech.com\/wp-content\/uploads\/2021\/03\/Recrutement-768x180.jpg 768w, https:\/\/www.japy-tech.com\/wp-content\/uploads\/2021\/03\/Recrutement-1536x360.jpg 1536w\" sizes=\"auto, (max-width: 1920px) 100vw, 1920px\" style=\"width:100%;height:23.44%;max-width:1920px\" \/>\t\t\t\t\t\t\t\t\t\t\t\t\t\t\t<\/div>\n\t\t\t\t<\/div>\n\t\t\t\t\t<\/div>\n\t\t<\/div>\n\t\t\t\t\t<\/div>\n\t\t<\/section>\n\t\t\t\t<section class=\"elementor-section elementor-top-section elementor-element elementor-element-cdba8fe elementor-section-boxed elementor-section-height-default elementor-section-height-default elementor-invisible\" data-id=\"cdba8fe\" data-element_type=\"section\" data-e-type=\"section\" data-settings=\"{&quot;background_background&quot;:&quot;classic&quot;,&quot;animation&quot;:&quot;slideInUp&quot;}\">\n\t\t\t\t\t\t<div class=\"elementor-container elementor-column-gap-default\">\n\t\t\t\t\t<div class=\"elementor-column elementor-col-100 elementor-top-column elementor-element elementor-element-2452137e\" data-id=\"2452137e\" data-element_type=\"column\" data-e-type=\"column\">\n\t\t\t<div class=\"elementor-widget-wrap elementor-element-populated\">\n\t\t\t\t\t\t<section class=\"elementor-section elementor-inner-section elementor-element elementor-element-235d17ef elementor-section-boxed elementor-section-height-default elementor-section-height-default\" data-id=\"235d17ef\" data-element_type=\"section\" data-e-type=\"section\">\n\t\t\t\t\t\t<div class=\"elementor-container elementor-column-gap-default\">\n\t\t\t\t\t<div class=\"elementor-column elementor-col-100 elementor-inner-column elementor-element elementor-element-57a2b1ec\" data-id=\"57a2b1ec\" data-element_type=\"column\" data-e-type=\"column\" data-settings=\"{&quot;background_background&quot;:&quot;classic&quot;}\">\n\t\t\t<div class=\"elementor-widget-wrap elementor-element-populated\">\n\t\t\t\t\t\t<div class=\"elementor-element elementor-element-6c9f418f text-flex-start elementor-widget elementor-widget-tp-breadcrumbs-bar\" data-id=\"6c9f418f\" data-element_type=\"widget\" data-e-type=\"widget\" data-widget_type=\"tp-breadcrumbs-bar.default\">\n\t\t\t\t<div class=\"elementor-widget-container\">\n\t\t\t\t\t<div id=\"bread69e94602547e9\" class=\"pt_plus_breadcrumbs_bar \"  \"><div class=\"pt_plus_breadcrumbs_bar_inner bred_style_1\"><nav id=\"breadcrumbs\"><span class=\"bc_home\"><a class=\"home_bread_tab\" href=\"https:\/\/www.japy-tech.com\/fr\/\/\"><img decoding=\"async\" class=\"bread-home-img\" src=\"https:\/\/www.japy-tech.com\/wp-content\/uploads\/2021\/03\/ICONEbread-1.png\" \/>Accueil<i class=\" fa fa-chevron-right bread-sep-icon\" ><\/i><\/a><\/span> <span class=\"del\"><\/span> <span class=\"current\"><div class=\"current_tab_sec\">Page<\/div><\/span><\/nav><\/div><\/div>\t\t\t\t<\/div>\n\t\t\t\t<\/div>\n\t\t\t\t<div class=\"elementor-element elementor-element-525e1d29 elementor-widget elementor-widget-heading\" data-id=\"525e1d29\" data-element_type=\"widget\" data-e-type=\"widget\" data-widget_type=\"heading.default\">\n\t\t\t\t<div class=\"elementor-widget-container\">\n\t\t\t\t\t<h1 class=\"elementor-heading-title elementor-size-default\">Notre culture d\u2019entreprise <\/h1>\t\t\t\t<\/div>\n\t\t\t\t<\/div>\n\t\t\t\t<div class=\"elementor-element elementor-element-d7872ba elementor-widget elementor-widget-image\" data-id=\"d7872ba\" data-element_type=\"widget\" data-e-type=\"widget\" data-widget_type=\"image.default\">\n\t\t\t\t<div class=\"elementor-widget-container\">\n\t\t\t\t\t\t\t\t\t\t\t\t\t\t\t<img loading=\"lazy\" decoding=\"async\" width=\"481\" height=\"27\" src=\"https:\/\/www.japy-tech.com\/wp-content\/uploads\/2021\/03\/1-1-1.png\" class=\"attachment-large size-large wp-image-1234\" alt=\"\" srcset=\"https:\/\/www.japy-tech.com\/wp-content\/uploads\/2021\/03\/1-1-1.png 481w, https:\/\/www.japy-tech.com\/wp-content\/uploads\/2021\/03\/1-1-1-300x17.png 300w\" sizes=\"auto, (max-width: 481px) 100vw, 481px\" style=\"width:100%;height:5.61%;max-width:481px\" \/>\t\t\t\t\t\t\t\t\t\t\t\t\t\t\t<\/div>\n\t\t\t\t<\/div>\n\t\t\t\t\t<\/div>\n\t\t<\/div>\n\t\t\t\t\t<\/div>\n\t\t<\/section>\n\t\t\t\t\t<\/div>\n\t\t<\/div>\n\t\t\t\t\t<\/div>\n\t\t<\/section>\n\t\t\t\t<section class=\"elementor-section elementor-top-section elementor-element elementor-element-f33c95a elementor-section-boxed elementor-section-height-default elementor-section-height-default\" data-id=\"f33c95a\" data-element_type=\"section\" data-e-type=\"section\">\n\t\t\t\t\t\t<div class=\"elementor-container elementor-column-gap-default\">\n\t\t\t\t\t<div class=\"elementor-column elementor-col-100 elementor-top-column elementor-element elementor-element-fc1252b\" data-id=\"fc1252b\" data-element_type=\"column\" data-e-type=\"column\">\n\t\t\t<div class=\"elementor-widget-wrap elementor-element-populated\">\n\t\t\t\t\t\t<div class=\"elementor-element elementor-element-3ab22fa elementor-widget elementor-widget-text-editor\" data-id=\"3ab22fa\" data-element_type=\"widget\" data-e-type=\"widget\" data-widget_type=\"text-editor.default\">\n\t\t\t\t<div class=\"elementor-widget-container\">\n\t\t\t\t\t\t\t\t\t<p>PME situ\u00e9e au c\u0153ur de l\u2019Europe, et plus pr\u00e9cis\u00e9ment sur le bassin Dijonnais, en Bourgogne Franche Comt\u00e9, nous arborons fi\u00e8rement notre pass\u00e9 industriel qui a constitu\u00e9 les fondations de notre histoire et sur laquelle nous construisons continuellement. Mus par d\u2019ambitieux projets de d\u00e9veloppement, nous sommes toujours \u00e0 la pointe de la technologie et nous nous tournons d\u00e9lib\u00e9r\u00e9ment au-del\u00e0 de nos fronti\u00e8res nationales.<\/p><p>L\u2019esprit d\u2019\u00e9quipe, l\u2018innovation, la recherche de l\u2019excellence sont les valeurs qui nous animent. Au quotidien, cela se transcrit par l\u2019application des meilleures pratiques de l\u2019industrie dans chacun de nos d\u00e9partements, en contr\u00f4lant la qualit\u00e9 de nos \u00e9quipements \u00e0 chaque \u00e9tape de leur \u00e9laboration et en investissant sans cesse en R&amp;D pour toujours apporter le meilleur de la technologie \u00e0 nos exploitants.<\/p>\t\t\t\t\t\t\t\t<\/div>\n\t\t\t\t<\/div>\n\t\t\t\t\t<\/div>\n\t\t<\/div>\n\t\t\t\t\t<\/div>\n\t\t<\/section>\n\t\t\t\t<section class=\"elementor-section elementor-top-section elementor-element elementor-element-50b815a elementor-section-full_width elementor-section-stretched elementor-section-height-default elementor-section-height-default\" data-id=\"50b815a\" data-element_type=\"section\" data-e-type=\"section\" data-settings=\"{&quot;stretch_section&quot;:&quot;section-stretched&quot;,&quot;background_background&quot;:&quot;slideshow&quot;,&quot;background_slideshow_gallery&quot;:[{&quot;id&quot;:4244,&quot;url&quot;:&quot;https:\\\/\\\/www.japy-tech.com\\\/wp-content\\\/uploads\\\/2021\\\/04\\\/AdobeStock_277358534-1-scaled.jpeg&quot;}],&quot;background_slideshow_loop&quot;:&quot;yes&quot;,&quot;background_slideshow_slide_duration&quot;:5000,&quot;background_slideshow_slide_transition&quot;:&quot;fade&quot;,&quot;background_slideshow_transition_duration&quot;:500}\">\n\t\t\t\t\t\t<div class=\"elementor-container elementor-column-gap-default\">\n\t\t\t\t\t<div class=\"elementor-column elementor-col-100 elementor-top-column elementor-element elementor-element-441e33eb\" data-id=\"441e33eb\" data-element_type=\"column\" data-e-type=\"column\">\n\t\t\t<div class=\"elementor-widget-wrap elementor-element-populated\">\n\t\t\t\t\t\t<div class=\"elementor-element elementor-element-57b2e60a elementor-widget elementor-widget-spacer\" data-id=\"57b2e60a\" data-element_type=\"widget\" data-e-type=\"widget\" data-widget_type=\"spacer.default\">\n\t\t\t\t<div class=\"elementor-widget-container\">\n\t\t\t\t\t\t\t<div class=\"elementor-spacer\">\n\t\t\t<div class=\"elementor-spacer-inner\"><\/div>\n\t\t<\/div>\n\t\t\t\t\t\t<\/div>\n\t\t\t\t<\/div>\n\t\t\t\t<section class=\"elementor-section elementor-inner-section elementor-element elementor-element-42ecb9f5 elementor-section-boxed elementor-section-height-default elementor-section-height-default\" data-id=\"42ecb9f5\" data-element_type=\"section\" data-e-type=\"section\">\n\t\t\t\t\t\t<div class=\"elementor-container elementor-column-gap-default\">\n\t\t\t\t\t<div class=\"elementor-column elementor-col-33 elementor-inner-column elementor-element elementor-element-7d3e5d53\" data-id=\"7d3e5d53\" data-element_type=\"column\" data-e-type=\"column\">\n\t\t\t<div class=\"elementor-widget-wrap\">\n\t\t\t\t\t\t\t<\/div>\n\t\t<\/div>\n\t\t\t\t<div class=\"elementor-column elementor-col-33 elementor-inner-column elementor-element elementor-element-5981c382 elementor-invisible\" data-id=\"5981c382\" data-element_type=\"column\" data-e-type=\"column\" data-settings=\"{&quot;background_background&quot;:&quot;classic&quot;,&quot;animation&quot;:&quot;slideInUp&quot;,&quot;animation_delay&quot;:200}\">\n\t\t\t<div class=\"elementor-widget-wrap elementor-element-populated\">\n\t\t\t\t\t\t<div class=\"elementor-element elementor-element-22a72c68 elementor-widget elementor-widget-spacer\" data-id=\"22a72c68\" data-element_type=\"widget\" data-e-type=\"widget\" data-widget_type=\"spacer.default\">\n\t\t\t\t<div class=\"elementor-widget-container\">\n\t\t\t\t\t\t\t<div class=\"elementor-spacer\">\n\t\t\t<div class=\"elementor-spacer-inner\"><\/div>\n\t\t<\/div>\n\t\t\t\t\t\t<\/div>\n\t\t\t\t<\/div>\n\t\t\t\t<div class=\"elementor-element elementor-element-aa2cef7 elementor-widget elementor-widget-heading\" data-id=\"aa2cef7\" data-element_type=\"widget\" data-e-type=\"widget\" data-widget_type=\"heading.default\">\n\t\t\t\t<div class=\"elementor-widget-container\">\n\t\t\t\t\t<h2 class=\"elementor-heading-title elementor-size-default\">Notre plan de formation vise \u00e0 permettre \u00e0 chacun d\u2019acqu\u00e9rir une palette de comp\u00e9tences refl\u00e9tant la diversit\u00e9 des t\u00e2ches effectu\u00e9es chez JAPY TECH.<\/h2>\t\t\t\t<\/div>\n\t\t\t\t<\/div>\n\t\t\t\t<div class=\"elementor-element elementor-element-19e3f5bb elementor-widget elementor-widget-spacer\" data-id=\"19e3f5bb\" data-element_type=\"widget\" data-e-type=\"widget\" data-widget_type=\"spacer.default\">\n\t\t\t\t<div class=\"elementor-widget-container\">\n\t\t\t\t\t\t\t<div class=\"elementor-spacer\">\n\t\t\t<div class=\"elementor-spacer-inner\"><\/div>\n\t\t<\/div>\n\t\t\t\t\t\t<\/div>\n\t\t\t\t<\/div>\n\t\t\t\t<div class=\"elementor-element elementor-element-6ea3dad elementor-widget elementor-widget-spacer\" data-id=\"6ea3dad\" data-element_type=\"widget\" data-e-type=\"widget\" data-widget_type=\"spacer.default\">\n\t\t\t\t<div class=\"elementor-widget-container\">\n\t\t\t\t\t\t\t<div class=\"elementor-spacer\">\n\t\t\t<div class=\"elementor-spacer-inner\"><\/div>\n\t\t<\/div>\n\t\t\t\t\t\t<\/div>\n\t\t\t\t<\/div>\n\t\t\t\t\t<\/div>\n\t\t<\/div>\n\t\t\t\t<div class=\"elementor-column elementor-col-33 elementor-inner-column elementor-element elementor-element-9191128\" data-id=\"9191128\" data-element_type=\"column\" data-e-type=\"column\">\n\t\t\t<div class=\"elementor-widget-wrap\">\n\t\t\t\t\t\t\t<\/div>\n\t\t<\/div>\n\t\t\t\t\t<\/div>\n\t\t<\/section>\n\t\t\t\t<div class=\"elementor-element elementor-element-274cc6f9 elementor-widget elementor-widget-spacer\" data-id=\"274cc6f9\" data-element_type=\"widget\" data-e-type=\"widget\" data-widget_type=\"spacer.default\">\n\t\t\t\t<div class=\"elementor-widget-container\">\n\t\t\t\t\t\t\t<div class=\"elementor-spacer\">\n\t\t\t<div class=\"elementor-spacer-inner\"><\/div>\n\t\t<\/div>\n\t\t\t\t\t\t<\/div>\n\t\t\t\t<\/div>\n\t\t\t\t\t<\/div>\n\t\t<\/div>\n\t\t\t\t\t<\/div>\n\t\t<\/section>\n\t\t\t\t<section class=\"elementor-section elementor-top-section elementor-element elementor-element-ec0e874 elementor-section-boxed elementor-section-height-default elementor-section-height-default elementor-invisible\" data-id=\"ec0e874\" data-element_type=\"section\" data-e-type=\"section\" data-settings=\"{&quot;background_background&quot;:&quot;classic&quot;,&quot;animation&quot;:&quot;slideInUp&quot;}\">\n\t\t\t\t\t\t<div class=\"elementor-container elementor-column-gap-default\">\n\t\t\t\t\t<div class=\"elementor-column elementor-col-100 elementor-top-column elementor-element elementor-element-05f1d71\" data-id=\"05f1d71\" data-element_type=\"column\" data-e-type=\"column\">\n\t\t\t<div class=\"elementor-widget-wrap elementor-element-populated\">\n\t\t\t\t\t\t<section class=\"elementor-section elementor-inner-section elementor-element elementor-element-bbdf99e elementor-section-boxed elementor-section-height-default elementor-section-height-default\" data-id=\"bbdf99e\" data-element_type=\"section\" data-e-type=\"section\">\n\t\t\t\t\t\t<div class=\"elementor-container elementor-column-gap-default\">\n\t\t\t\t\t<div class=\"elementor-column elementor-col-100 elementor-inner-column elementor-element elementor-element-31ab8d8\" data-id=\"31ab8d8\" data-element_type=\"column\" data-e-type=\"column\" data-settings=\"{&quot;background_background&quot;:&quot;classic&quot;}\">\n\t\t\t<div class=\"elementor-widget-wrap elementor-element-populated\">\n\t\t\t\t\t\t<div class=\"elementor-element elementor-element-2e4bacc elementor-widget elementor-widget-heading\" data-id=\"2e4bacc\" data-element_type=\"widget\" data-e-type=\"widget\" data-widget_type=\"heading.default\">\n\t\t\t\t<div class=\"elementor-widget-container\">\n\t\t\t\t\t<h2 class=\"elementor-heading-title elementor-size-default\">Nos offres d\u2019emploi<\/h2>\t\t\t\t<\/div>\n\t\t\t\t<\/div>\n\t\t\t\t<div class=\"elementor-element elementor-element-18f52a9 elementor-widget elementor-widget-image\" data-id=\"18f52a9\" data-element_type=\"widget\" data-e-type=\"widget\" data-widget_type=\"image.default\">\n\t\t\t\t<div class=\"elementor-widget-container\">\n\t\t\t\t\t\t\t\t\t\t\t\t\t\t\t<img loading=\"lazy\" decoding=\"async\" width=\"481\" height=\"27\" src=\"https:\/\/www.japy-tech.com\/wp-content\/uploads\/2021\/03\/1-1-1.png\" class=\"attachment-large size-large wp-image-1234\" alt=\"\" srcset=\"https:\/\/www.japy-tech.com\/wp-content\/uploads\/2021\/03\/1-1-1.png 481w, https:\/\/www.japy-tech.com\/wp-content\/uploads\/2021\/03\/1-1-1-300x17.png 300w\" sizes=\"auto, (max-width: 481px) 100vw, 481px\" style=\"width:100%;height:5.61%;max-width:481px\" \/>\t\t\t\t\t\t\t\t\t\t\t\t\t\t\t<\/div>\n\t\t\t\t<\/div>\n\t\t\t\t\t<\/div>\n\t\t<\/div>\n\t\t\t\t\t<\/div>\n\t\t<\/section>\n\t\t\t\t\t<\/div>\n\t\t<\/div>\n\t\t\t\t\t<\/div>\n\t\t<\/section>\n\t\t\t\t<\/div>\n\t\t","protected":false},"excerpt":{"rendered":"<p>Accueil Page Notre culture d\u2019entreprise PME situ\u00e9e au c\u0153ur de l\u2019Europe, et plus pr\u00e9cis\u00e9ment sur le bassin Dijonnais, en Bourgogne Franche Comt\u00e9, nous arborons fi\u00e8rement notre pass\u00e9 industriel qui a constitu\u00e9 les fondations de notre histoire et sur laquelle nous construisons continuellement. Mus par d\u2019ambitieux projets de d\u00e9veloppement, nous sommes toujours \u00e0 la pointe de&hellip; <a class=\"more-link\" href=\"https:\/\/www.japy-tech.com\/fr\/carrieres\/\">Poursuivre la lecture <span class=\"screen-reader-text\">Carri\u00e8res<\/span><\/a><\/p>\n","protected":false},"author":1,"featured_media":0,"parent":0,"menu_order":6,"comment_status":"closed","ping_status":"closed","template":"","meta":{"footnotes":""},"class_list":["post-1946","page","type-page","status-publish","hentry","entry"],"yoast_head":"<!-- This site is optimized with the Yoast SEO plugin v27.4 - https:\/\/yoast.com\/product\/yoast-seo-wordpress\/ -->\n<title>Japy Tech - Historic leader in milk cooling tanks<\/title>\n<meta name=\"robots\" content=\"index, follow, max-snippet:-1, max-image-preview:large, max-video-preview:-1\" \/>\n<link rel=\"canonical\" href=\"https:\/\/www.japy-tech.com\/fr\/carrieres\/\" \/>\n<meta property=\"og:locale\" content=\"fr_FR\" \/>\n<meta property=\"og:type\" content=\"article\" \/>\n<meta property=\"og:title\" content=\"Japy Tech - Historic leader in milk cooling tanks\" \/>\n<meta property=\"og:description\" content=\"Accueil Page Notre culture d\u2019entreprise PME situ\u00e9e au c\u0153ur de l\u2019Europe, et plus pr\u00e9cis\u00e9ment sur le bassin Dijonnais, en Bourgogne Franche Comt\u00e9, nous arborons fi\u00e8rement notre pass\u00e9 industriel qui a constitu\u00e9 les fondations de notre histoire et sur laquelle nous construisons continuellement. Mus par d\u2019ambitieux projets de d\u00e9veloppement, nous sommes toujours \u00e0 la pointe de&hellip; Poursuivre la lecture Carri\u00e8res\" \/>\n<meta property=\"og:url\" content=\"https:\/\/www.japy-tech.com\/fr\/carrieres\/\" \/>\n<meta property=\"og:site_name\" content=\"Japy Tech\" \/>\n<meta property=\"article:modified_time\" content=\"2024-09-03T06:55:50+00:00\" \/>\n<meta property=\"og:image\" content=\"https:\/\/www.japy-tech.com\/wp-content\/uploads\/2021\/03\/Recrutement.jpg\" \/>\n<meta name=\"twitter:card\" content=\"summary_large_image\" \/>\n<meta name=\"twitter:label1\" content=\"Dur\u00e9e de lecture estim\u00e9e\" \/>\n\t<meta name=\"twitter:data1\" content=\"2 minutes\" \/>\n<script type=\"application\/ld+json\" class=\"yoast-schema-graph\">{\"@context\":\"https:\\\/\\\/schema.org\",\"@graph\":[{\"@type\":\"WebPage\",\"@id\":\"https:\\\/\\\/www.japy-tech.com\\\/fr\\\/carrieres\\\/\",\"url\":\"https:\\\/\\\/www.japy-tech.com\\\/fr\\\/carrieres\\\/\",\"name\":\"Japy Tech - Historic leader in milk cooling tanks\",\"isPartOf\":{\"@id\":\"https:\\\/\\\/www.japy-tech.com\\\/fr\\\/#website\"},\"primaryImageOfPage\":{\"@id\":\"https:\\\/\\\/www.japy-tech.com\\\/fr\\\/carrieres\\\/#primaryimage\"},\"image\":{\"@id\":\"https:\\\/\\\/www.japy-tech.com\\\/fr\\\/carrieres\\\/#primaryimage\"},\"thumbnailUrl\":\"https:\\\/\\\/www.japy-tech.com\\\/wp-content\\\/uploads\\\/2021\\\/03\\\/Recrutement.jpg\",\"datePublished\":\"2021-03-11T13:32:18+00:00\",\"dateModified\":\"2024-09-03T06:55:50+00:00\",\"breadcrumb\":{\"@id\":\"https:\\\/\\\/www.japy-tech.com\\\/fr\\\/carrieres\\\/#breadcrumb\"},\"inLanguage\":\"fr-FR\",\"potentialAction\":[{\"@type\":\"ReadAction\",\"target\":[\"https:\\\/\\\/www.japy-tech.com\\\/fr\\\/carrieres\\\/\"]}]},{\"@type\":\"ImageObject\",\"inLanguage\":\"fr-FR\",\"@id\":\"https:\\\/\\\/www.japy-tech.com\\\/fr\\\/carrieres\\\/#primaryimage\",\"url\":\"https:\\\/\\\/www.japy-tech.com\\\/wp-content\\\/uploads\\\/2021\\\/03\\\/Recrutement.jpg\",\"contentUrl\":\"https:\\\/\\\/www.japy-tech.com\\\/wp-content\\\/uploads\\\/2021\\\/03\\\/Recrutement.jpg\"},{\"@type\":\"BreadcrumbList\",\"@id\":\"https:\\\/\\\/www.japy-tech.com\\\/fr\\\/carrieres\\\/#breadcrumb\",\"itemListElement\":[{\"@type\":\"ListItem\",\"position\":1,\"name\":\"Accueil\",\"item\":\"https:\\\/\\\/www.japy-tech.com\\\/fr\\\/\"},{\"@type\":\"ListItem\",\"position\":2,\"name\":\"Carri\u00e8res\"}]},{\"@type\":\"WebSite\",\"@id\":\"https:\\\/\\\/www.japy-tech.com\\\/fr\\\/#website\",\"url\":\"https:\\\/\\\/www.japy-tech.com\\\/fr\\\/\",\"name\":\"Japy Tech\",\"description\":\"Leader historique des cuves \u00e0 lait\",\"publisher\":{\"@id\":\"https:\\\/\\\/www.japy-tech.com\\\/fr\\\/#organization\"},\"potentialAction\":[{\"@type\":\"SearchAction\",\"target\":{\"@type\":\"EntryPoint\",\"urlTemplate\":\"https:\\\/\\\/www.japy-tech.com\\\/fr\\\/?s={search_term_string}\"},\"query-input\":{\"@type\":\"PropertyValueSpecification\",\"valueRequired\":true,\"valueName\":\"search_term_string\"}}],\"inLanguage\":\"fr-FR\"},{\"@type\":\"Organization\",\"@id\":\"https:\\\/\\\/www.japy-tech.com\\\/fr\\\/#organization\",\"name\":\"Japy-tech\",\"url\":\"https:\\\/\\\/www.japy-tech.com\\\/fr\\\/\",\"logo\":{\"@type\":\"ImageObject\",\"inLanguage\":\"fr-FR\",\"@id\":\"https:\\\/\\\/www.japy-tech.com\\\/fr\\\/#\\\/schema\\\/logo\\\/image\\\/\",\"url\":\"https:\\\/\\\/www.japy-tech.com\\\/wp-content\\\/uploads\\\/2021\\\/02\\\/Logo.png\",\"contentUrl\":\"https:\\\/\\\/www.japy-tech.com\\\/wp-content\\\/uploads\\\/2021\\\/02\\\/Logo.png\",\"width\":1,\"height\":1,\"caption\":\"Japy-tech\"},\"image\":{\"@id\":\"https:\\\/\\\/www.japy-tech.com\\\/fr\\\/#\\\/schema\\\/logo\\\/image\\\/\"}}]}<\/script>\n<!-- \/ Yoast SEO plugin. -->","yoast_head_json":{"title":"Japy Tech - Historic leader in milk cooling tanks","robots":{"index":"index","follow":"follow","max-snippet":"max-snippet:-1","max-image-preview":"max-image-preview:large","max-video-preview":"max-video-preview:-1"},"canonical":"https:\/\/www.japy-tech.com\/fr\/carrieres\/","og_locale":"fr_FR","og_type":"article","og_title":"Japy Tech - Historic leader in milk cooling tanks","og_description":"Accueil Page Notre culture d\u2019entreprise PME situ\u00e9e au c\u0153ur de l\u2019Europe, et plus pr\u00e9cis\u00e9ment sur le bassin Dijonnais, en Bourgogne Franche Comt\u00e9, nous arborons fi\u00e8rement notre pass\u00e9 industriel qui a constitu\u00e9 les fondations de notre histoire et sur laquelle nous construisons continuellement. Mus par d\u2019ambitieux projets de d\u00e9veloppement, nous sommes toujours \u00e0 la pointe de&hellip; Poursuivre la lecture Carri\u00e8res","og_url":"https:\/\/www.japy-tech.com\/fr\/carrieres\/","og_site_name":"Japy Tech","article_modified_time":"2024-09-03T06:55:50+00:00","og_image":[{"url":"https:\/\/www.japy-tech.com\/wp-content\/uploads\/2021\/03\/Recrutement.jpg","type":"","width":"","height":""}],"twitter_card":"summary_large_image","twitter_misc":{"Dur\u00e9e de lecture estim\u00e9e":"2 minutes"},"schema":{"@context":"https:\/\/schema.org","@graph":[{"@type":"WebPage","@id":"https:\/\/www.japy-tech.com\/fr\/carrieres\/","url":"https:\/\/www.japy-tech.com\/fr\/carrieres\/","name":"Japy Tech - Historic leader in milk cooling tanks","isPartOf":{"@id":"https:\/\/www.japy-tech.com\/fr\/#website"},"primaryImageOfPage":{"@id":"https:\/\/www.japy-tech.com\/fr\/carrieres\/#primaryimage"},"image":{"@id":"https:\/\/www.japy-tech.com\/fr\/carrieres\/#primaryimage"},"thumbnailUrl":"https:\/\/www.japy-tech.com\/wp-content\/uploads\/2021\/03\/Recrutement.jpg","datePublished":"2021-03-11T13:32:18+00:00","dateModified":"2024-09-03T06:55:50+00:00","breadcrumb":{"@id":"https:\/\/www.japy-tech.com\/fr\/carrieres\/#breadcrumb"},"inLanguage":"fr-FR","potentialAction":[{"@type":"ReadAction","target":["https:\/\/www.japy-tech.com\/fr\/carrieres\/"]}]},{"@type":"ImageObject","inLanguage":"fr-FR","@id":"https:\/\/www.japy-tech.com\/fr\/carrieres\/#primaryimage","url":"https:\/\/www.japy-tech.com\/wp-content\/uploads\/2021\/03\/Recrutement.jpg","contentUrl":"https:\/\/www.japy-tech.com\/wp-content\/uploads\/2021\/03\/Recrutement.jpg"},{"@type":"BreadcrumbList","@id":"https:\/\/www.japy-tech.com\/fr\/carrieres\/#breadcrumb","itemListElement":[{"@type":"ListItem","position":1,"name":"Accueil","item":"https:\/\/www.japy-tech.com\/fr\/"},{"@type":"ListItem","position":2,"name":"Carri\u00e8res"}]},{"@type":"WebSite","@id":"https:\/\/www.japy-tech.com\/fr\/#website","url":"https:\/\/www.japy-tech.com\/fr\/","name":"Japy Tech","description":"Leader historique des cuves \u00e0 lait","publisher":{"@id":"https:\/\/www.japy-tech.com\/fr\/#organization"},"potentialAction":[{"@type":"SearchAction","target":{"@type":"EntryPoint","urlTemplate":"https:\/\/www.japy-tech.com\/fr\/?s={search_term_string}"},"query-input":{"@type":"PropertyValueSpecification","valueRequired":true,"valueName":"search_term_string"}}],"inLanguage":"fr-FR"},{"@type":"Organization","@id":"https:\/\/www.japy-tech.com\/fr\/#organization","name":"Japy-tech","url":"https:\/\/www.japy-tech.com\/fr\/","logo":{"@type":"ImageObject","inLanguage":"fr-FR","@id":"https:\/\/www.japy-tech.com\/fr\/#\/schema\/logo\/image\/","url":"https:\/\/www.japy-tech.com\/wp-content\/uploads\/2021\/02\/Logo.png","contentUrl":"https:\/\/www.japy-tech.com\/wp-content\/uploads\/2021\/02\/Logo.png","width":1,"height":1,"caption":"Japy-tech"},"image":{"@id":"https:\/\/www.japy-tech.com\/fr\/#\/schema\/logo\/image\/"}}]}},"_links":{"self":[{"href":"https:\/\/www.japy-tech.com\/fr\/wp-json\/wp\/v2\/pages\/1946","targetHints":{"allow":["GET"]}}],"collection":[{"href":"https:\/\/www.japy-tech.com\/fr\/wp-json\/wp\/v2\/pages"}],"about":[{"href":"https:\/\/www.japy-tech.com\/fr\/wp-json\/wp\/v2\/types\/page"}],"author":[{"embeddable":true,"href":"https:\/\/www.japy-tech.com\/fr\/wp-json\/wp\/v2\/users\/1"}],"replies":[{"embeddable":true,"href":"https:\/\/www.japy-tech.com\/fr\/wp-json\/wp\/v2\/comments?post=1946"}],"version-history":[{"count":107,"href":"https:\/\/www.japy-tech.com\/fr\/wp-json\/wp\/v2\/pages\/1946\/revisions"}],"predecessor-version":[{"id":8860,"href":"https:\/\/www.japy-tech.com\/fr\/wp-json\/wp\/v2\/pages\/1946\/revisions\/8860"}],"wp:attachment":[{"href":"https:\/\/www.japy-tech.com\/fr\/wp-json\/wp\/v2\/media?parent=1946"}],"curies":[{"name":"wp","href":"https:\/\/api.w.org\/{rel}","templated":true}]}}